{"id":30477,"date":"2023-02-08T12:07:59","date_gmt":"2023-02-08T11:07:59","guid":{"rendered":"https:\/\/plastics4zeroemission.ch\/?page_id=30477"},"modified":"2025-02-20T11:11:23","modified_gmt":"2025-02-20T10:11:23","slug":"veranstaltungen","status":"publish","type":"page","link":"https:\/\/plastics4zeroemission.ch\/de\/veranstaltungen\/","title":{"rendered":"EVENTS"},"content":{"rendered":"<p>[et_pb_section fb_built=&#187;1&#8243; _builder_version=&#187;4.16&#8243; _module_preset=&#187;default&#187; background_image=&#187;https:\/\/plastics4zeroemission.ch\/wp-content\/uploads\/2023\/02\/IMG_9001_cc-ws22-scaled-e1675855106646.jpg&#187; height=&#187;365px&#187; global_colors_info=&#187;{}&#187;][et_pb_row _builder_version=&#187;4.16&#8243; _module_preset=&#187;default&#187; module_alignment=&#187;center&#187; custom_margin=&#187;80px||||false|false&#187; global_colors_info=&#187;{}&#187;][et_pb_column type=&#187;4_4&#8243; _builder_version=&#187;4.16&#8243; _module_preset=&#187;default&#187; global_colors_info=&#187;{}&#187;][et_pb_text _builder_version=&#187;4.16&#8243; _module_preset=&#187;default&#187; text_text_color=&#187;#FFFFFF&#187; header_font_size=&#187;50px&#187; background_layout=&#187;dark&#187; global_colors_info=&#187;{}&#187;]<\/p>\n<h1 style=\"text-align: center;\">EVENTS<\/h1>\n<p>[\/et_pb_text][\/et_pb_column][\/et_pb_row][\/et_pb_section][et_pb_section fb_built=&#187;1&#8243; _builder_version=&#187;4.16&#8243; _module_preset=&#187;default&#187; global_colors_info=&#187;{}&#187;][et_pb_row column_structure=&#187;1_4,1_2,1_4&#8243; _builder_version=&#187;4.16&#8243; _module_preset=&#187;default&#187; global_colors_info=&#187;{}&#187;][et_pb_column type=&#187;1_4&#8243; _builder_version=&#187;4.16&#8243; _module_preset=&#187;default&#187; global_colors_info=&#187;{}&#187;][et_pb_text _builder_version=&#187;4.16&#8243; _module_preset=&#187;default&#187; global_colors_info=&#187;{}&#187;]<\/p>\n<h1>EVENTS<\/h1>\n<p>[\/et_pb_text][\/et_pb_column][et_pb_column type=&#187;1_2&#8243; _builder_version=&#187;4.16&#8243; _module_preset=&#187;default&#187; global_colors_info=&#187;{}&#187;][\/et_pb_column][et_pb_column type=&#187;1_4&#8243; _builder_version=&#187;4.16&#8243; _module_preset=&#187;default&#187; global_colors_info=&#187;{}&#187;][\/et_pb_column][\/et_pb_row][et_pb_row column_structure=&#187;2_5,3_5&#8243; disabled_on=&#187;off|off|off&#187; _builder_version=&#187;4.21.0&#8243; _module_preset=&#187;default&#187; hover_enabled=&#187;0&#8243; global_colors_info=&#187;{}&#187; sticky_enabled=&#187;0&#8243;][et_pb_column type=&#187;2_5&#8243; _builder_version=&#187;4.16&#8243; _module_preset=&#187;default&#187; global_colors_info=&#187;{}&#187;][et_pb_image src=&#187;https:\/\/plastics4zeroemission.ch\/wp-content\/uploads\/2024\/02\/WhatsApp-Image-2023-11-08-a-18.02.14_9aa87841.jpg&#187; title_text=&#187;WhatsApp Bild 2023-11-08 \u00e0 18.02.14_9aa87841&#8243; _builder_version=&#187;4.21.0&#8243; _module_preset=&#187;default&#187; global_colors_info=&#187;{}&#187;][\/et_pb_image][et_pb_button button_url=&#187;https:\/\/www.eventbrite.com\/e\/ideation-workshop-last-call-of-the-ib-plastics-for-zero-emission-fhnw-tickets-1116298381509?aff=oddtdtcreator&#187; url_new_window=&#187;on&#187; button_text=&#187;F\u00fcr den 18. M\u00e4rz anmelden @FHNW&#187; button_alignment=&#187;center&#187; _builder_version=&#187;4.21.0&#8243; _module_preset=&#187;default&#187; hover_enabled=&#187;0&#8243; global_colors_info=&#187;{}&#187; sticky_enabled=&#187;0&#8243;][\/et_pb_button][et_pb_button button_url=&#187;https:\/\/www.eventbrite.com\/e\/ideation-workshop-last-call-of-the-ib-plastics-for-zero-emission-hslu-tickets-1116304058489?aff=oddtdtcreator&#187; url_new_window=&#187;on&#187; button_text=&#187;F\u00fcr den 19. M\u00e4rz anmelden @HSLU&#187; button_alignment=&#187;center&#187; _builder_version=&#187;4.21.0&#8243; _module_preset=&#187;default&#187; hover_enabled=&#187;0&#8243; global_colors_info=&#187;{}&#187; sticky_enabled=&#187;0&#8243;][\/et_pb_button][et_pb_text _builder_version=&#187;4.20.4&#8243; _module_preset=&#187;default&#187; global_colors_info=&#187;{}&#187;]<\/p>\n<p style=\"text-align: center;\">Die Teilnahme ist kostenlos.<\/p>\n<p style=\"text-align: center;\">Die Zahl der Teilnehmer ist begrenzt.<\/p>\n<p>[\/et_pb_text][\/et_pb_column][et_pb_column type=&#187;3_5&#8243; _builder_version=&#187;4.16&#8243; _module_preset=&#187;default&#187; global_colors_info=&#187;{}&#187;][et_pb_text _builder_version=&#187;4.21.0&#8243; _module_preset=&#187;default&#187; link_option_url_new_window=&#187;on&#187; hover_enabled=&#187;0&#8243; global_colors_info=&#187;{}&#187; sticky_enabled=&#187;0&#8243;]<\/p>\n<p><strong>18 UND\/ODER 19 M\u00e4rz 2025<br \/><\/strong><\/p>\n<h3><strong>Ideation-Workshops Call 7 (LAST Call)<\/strong><\/h3>\n<div class=\"eds-g-cell eds-g-cell-1-1 eds-text-color--grey-800\" data-spec=\"address-view-venue-name\">18. M\u00e4rz @FHNW, Brugg\/Windisch<\/div>\n<div class=\"eds-g-cell eds-g-cell-1-1 eds-text-color--grey-800\" data-spec=\"address-view-venue-name\">19. M\u00e4rz @HSLU, Horw\/Luzern<\/div>\n<div class=\"eds-g-cell eds-g-cell-1-1 eds-text-color--grey-800\" data-spec=\"address-view-venue-name\"><\/div>\n<div class=\"eds-g-cell eds-g-cell-1-1 eds-text-color--grey-800\" data-spec=\"address-view-venue-name\">\n<p>&nbsp;<\/p>\n<p>Der Ideation Workshop f\u00fcr den 7. Aufruf wird an zwei verschiedenen Orten stattfinden. Interessierte Parteien\/Teams m\u00fcssen nur an einem der beiden Workshops teilnehmen. Nat\u00fcrlich sind Sie herzlich eingeladen, an beiden Workshops teilzunehmen und sich allen Herausforderungen zu stellen.  <\/p>\n<p>Am Dienstag, 18. M\u00e4rz an der FHNW in Windisch, ODER am Mittwoch, 19. M\u00e4rz an der HSLU in Horw\/Luzern. Beide Workshops finden ganzt\u00e4gig statt (9:00 &#8211; 17:30) <\/p>\n<p>Bitte halten Sie sich sicherheitshalber beide Termine frei, da wir die Termine zusammenlegen, wenn die Teilnehmerzahl zu gering ist.<br \/>Die genauen Termine teilen wir Ihnen sp\u00e4testens 2 Wochen VOR der geplanten Veranstaltung mit.<\/p>\n<\/div>\n<p>&nbsp;<\/p>\n<p>Treffen Sie sich mit anderen Teilnehmenden aus Hochschul- und Forschungsinstituten, Zulieferern und Dienstleistungsunternehmen sowie Start-ups, w\u00e4hlen Sie eine von unseren Umsetzungspartnern eingereichte Herausforderung aus und entwickeln Sie erste Ideen zur L\u00f6sung des Problems. Bilden Sie abschliessende Teams, um gemeinsam an der L\u00f6sung weiterzuarbeiten. Der gesamte Prozess wird von <a href=\"https:\/\/bambooster.ch\/\" target=\"_blank\" rel=\"noopener\">Bambooster<\/a> durch die Bamboostar-Online-Coaching-Akademie, pers\u00f6nliches Coaching und die Moderation des Ideenworkshops unterst\u00fctzt.<\/p>\n<p><b>Weitere Einzelheiten zu den Projekten finden Sie in unserem aktuellen Call for Challenges (ab Mitte Februar) <\/b><\/p>\n<p>Wir sind auf der Suche nach radikalen Ideen, deren Machbarkeit zun\u00e4chst getestet werden muss, um die Herausforderung zu l\u00f6sen.<br \/><strong>Wir unterst\u00fctzen die Teams mit den vielversprechendsten L\u00f6sungsideen mit CHF 25&#8217;000.-.<\/strong><\/p>\n<p>[\/et_pb_text][\/et_pb_column][\/et_pb_row][et_pb_row column_structure=&#187;2_5,3_5&#8243; disabled_on=&#187;on|on|on&#187; _builder_version=&#187;4.21.0&#8243; _module_preset=&#187;default&#187; disabled=&#187;on&#187; global_colors_info=&#187;{}&#187;][et_pb_column type=&#187;2_5&#8243; _builder_version=&#187;4.16&#8243; _module_preset=&#187;default&#187; global_colors_info=&#187;{}&#187;][et_pb_image src=&#187;https:\/\/plastics4zeroemission.ch\/wp-content\/uploads\/2024\/03\/PfZE_LINKED_IN_POST_800x8003.jpg&#187; title_text=&#187;PfZE_LINKED_IN_POST_800x8003&#8243; url_new_window=&#187;on&#187; _builder_version=&#187;4.21.0&#8243; _module_preset=&#187;default&#187; global_colors_info=&#187;{}&#187;][\/et_pb_image][et_pb_button button_url=&#187;@ET-DC@eyJkeW5hbWljIjp0cnVlLCJjb250ZW50IjoicG9zdF9saW5rX3VybF9hdHRhY2htZW50Iiwic2V0dGluZ3MiOnsicG9zdF9pZCI6IjMxNDE1In19@&#187; url_new_window=&#187;on&#187; button_text=&#187;Vorl\u00e4ufiger Flyer&#187; button_alignment=&#187;center&#187; _builder_version=&#187;4.21.0&#8243; _dynamic_attributes=&#187;button_url&#187; _module_preset=&#187;default&#187; global_colors_info=&#187;{}&#187;][\/et_pb_button][et_pb_button button_url=&#187;https:\/\/ti.to\/composites-united-switzerland\/exploring-negative-emission-technologies-in-the-plastic-industry&#187; url_new_window=&#187;on&#187; button_text=&#187;Hier anmelden&#187; button_alignment=&#187;center&#187; _builder_version=&#187;4.21.0&#8243; _module_preset=&#187;default&#187; global_colors_info=&#187;{}&#187;][\/et_pb_button][et_pb_text _builder_version=&#187;4.21.0&#8243; _module_preset=&#187;default&#187; global_colors_info=&#187;{}&#187;]<\/p>\n<p>Die Teilnahmegeb\u00fchr betr\u00e4gt regul\u00e4r CHF 190, <br \/>CHF 90 f\u00fcr Sch\u00fcler, Studenten und Vertreter von Universit\u00e4ten und Forschungsinstituten.<\/p>\n<p>[\/et_pb_text][\/et_pb_column][et_pb_column type=&#187;3_5&#8243; _builder_version=&#187;4.16&#8243; _module_preset=&#187;default&#187; global_colors_info=&#187;{}&#187;][et_pb_text _builder_version=&#187;4.21.0&#8243; _module_preset=&#187;default&#187; global_colors_info=&#187;{}&#187;]<\/p>\n<p><strong>6. Juni 2024<br \/><\/strong><\/p>\n<h3><span>Konferenz zum Thema &#171;Erforschung negativer Emissionstechnologien in der Kunststoffindustrie&#187;<\/span><\/h3>\n<p><em>Empa, \u00dcberlandstrasse 129, CH-8600 D\u00fcbendorf, Schweiz<\/em><\/p>\n<p>&nbsp;<\/p>\n<p>Da verschiedene Industriezweige sich auf den Weg in Richtung Netto-Null machen, laden wir Sie ein, Einblicke in bestehende Ans\u00e4tze zur Minderung von CO2-Emissionen in verschiedenen Sektoren zu gewinnen und neue und innovative Ideen zu erforschen, um \u00fcber die Emissionsreduzierung hinaus eine Kohlenstoffbeseitigung zu erreichen. Unser Ziel ist es, etablierte Branchenakteure, Wissenschaftler und Start-ups zusammenzubringen, um Gedanken auszutauschen und Ideen zu diskutieren, wie man die Branche gemeinsam auf dem Weg zu Netto-Null voranbringen kann. Ausserdem haben Sie die M\u00f6glichkeit, NEST zu besichtigen &#8211; das modulare Forschungs- und Innovationsgeb\u00e4ude von Empa und Eawag, in dem neue Technologien, Materialien und Systeme unter realen Bedingungen getestet, erforscht und weiterentwickelt werden. Zu guter letzt werden ehemalige und aktuelle Teilnehmer der Innovationsf\u00f6rderprogramme &#171;Zero Emissions Plastics&#187; und &#171;Carbon Removal&#187; \u00fcber ihre Erfahrungen mit der Teilnahme am Programm und der Entwicklung radikaler Ideen berichten.<\/p>\n<p>&nbsp;<\/p>\n<p>weitere Details folgen in K\u00fcrze <\/p>\n<p>[\/et_pb_text][\/et_pb_column][\/et_pb_row][et_pb_row column_structure=&#187;2_5,3_5&#8243; disabled_on=&#187;on|on|on&#187; _builder_version=&#187;4.21.0&#8243; _module_preset=&#187;default&#187; disabled=&#187;on&#187; global_colors_info=&#187;{}&#187;][et_pb_column type=&#187;2_5&#8243; _builder_version=&#187;4.16&#8243; _module_preset=&#187;default&#187; global_colors_info=&#187;{}&#187;][et_pb_image src=&#187;https:\/\/plastics4zeroemission.ch\/wp-content\/uploads\/2024\/02\/WhatsApp-Image-2023-11-08-a-18.02.14_9aa87841.jpg&#187; title_text=&#187;WhatsApp Bild 2023-11-08 \u00e0 18.02.14_9aa87841&#8243; _builder_version=&#187;4.21.0&#8243; _module_preset=&#187;default&#187; global_colors_info=&#187;{}&#187;][\/et_pb_image][et_pb_button button_url=&#187;https:\/\/www.eventbrite.com\/e\/877198382977?aff=oddtdtcreator&#187; url_new_window=&#187;on&#187; button_text=&#187;Hier anmelden&#187; button_alignment=&#187;center&#187; _builder_version=&#187;4.21.0&#8243; _module_preset=&#187;default&#187; global_colors_info=&#187;{}&#187;][\/et_pb_button][et_pb_text _builder_version=&#187;4.20.4&#8243; _module_preset=&#187;default&#187; global_colors_info=&#187;{}&#187;]<\/p>\n<p style=\"text-align: center;\">Die Teilnahme ist kostenlos.<\/p>\n<p style=\"text-align: center;\">Die Zahl der Teilnehmer ist begrenzt.<\/p>\n<p>[\/et_pb_text][\/et_pb_column][et_pb_column type=&#187;3_5&#8243; _builder_version=&#187;4.16&#8243; _module_preset=&#187;default&#187; global_colors_info=&#187;{}&#187;][et_pb_text _builder_version=&#187;4.21.0&#8243; _module_preset=&#187;default&#187; link_option_url=&#187;https:\/\/www.eventbrite.com\/e\/877198382977?aff=oddtdtcreator&#187; link_option_url_new_window=&#187;on&#187; global_colors_info=&#187;{}&#187;]<\/p>\n<p><strong>21. August 2024<br \/><\/strong><\/p>\n<h3><strong>Ideation Workshop Call 6<\/strong><\/h3>\n<div class=\"eds-g-cell eds-g-cell-1-1 eds-text-color--grey-800\" data-spec=\"address-view-venue-name\">@Tibits Restaurant, <span>Pl. de la Gare 11, 1003 Lausanne<\/span><\/div>\n<p>Treffen Sie sich mit anderen Teilnehmenden aus Hochschul- und Forschungsinstituten, Zulieferern und Dienstleistungsunternehmen sowie Start-ups, w\u00e4hlen Sie eine von unseren Umsetzungspartnern eingereichte Herausforderung aus und entwickeln Sie erste Ideen zur L\u00f6sung des Problems. Bilden Sie abschliessende Teams, um gemeinsam an der L\u00f6sung weiterzuarbeiten. Der gesamte Prozess wird von <a href=\"https:\/\/bambooster.ch\/\" target=\"_blank\" rel=\"noopener\">Bambooster<\/a> durch die Bamboostar-Online-Coaching-Akademie, pers\u00f6nliches Coaching und die Moderation des Ideenworkshops unterst\u00fctzt.<\/p>\n<p><b>Die Challenges f\u00fcr Call 6 werden Mitte Juli ver\u00f6ffentlicht<\/b><\/p>\n<p>Wir sind auf der Suche nach radikalen Ideen, deren Machbarkeit zun\u00e4chst getestet werden m\u00fcssen, um die Herausforderung zu l\u00f6sen.<br \/><strong>Wir unterst\u00fctzen die Teams mit den vielversprechendsten L\u00f6sungsideen mit CHF 25&#8217;000.-.<\/strong><\/p>\n<p>[\/et_pb_text][\/et_pb_column][\/et_pb_row][et_pb_row column_structure=&#187;2_5,3_5&#8243; disabled_on=&#187;on|on|on&#187; _builder_version=&#187;4.16&#8243; _module_preset=&#187;default&#187; disabled=&#187;on&#187; global_colors_info=&#187;{}&#187;][et_pb_column type=&#187;2_5&#8243; _builder_version=&#187;4.16&#8243; _module_preset=&#187;default&#187; global_colors_info=&#187;{}&#187;][et_pb_image src=&#187;https:\/\/plastics4zeroemission.ch\/wp-content\/uploads\/2023\/04\/IMG_9005_p4ze_iws22-scaled.jpg&#187; title_text=&#187;IMG_9005_p4ze_iws22&#8243; _builder_version=&#187;4.16&#8243; _module_preset=&#187;default&#187; global_colors_info=&#187;{}&#187;][\/et_pb_image][\/et_pb_column][et_pb_column type=&#187;3_5&#8243; _builder_version=&#187;4.16&#8243; _module_preset=&#187;default&#187; global_colors_info=&#187;{}&#187;][et_pb_text _builder_version=&#187;4.21.0&#8243; _module_preset=&#187;default&#187; global_colors_info=&#187;{}&#187;]<\/p>\n<p><strong>8 November 2023<br \/><\/strong><\/p>\n<h3><strong>Ideation Workshop Call 4<br \/><\/strong><\/h3>\n<p><em>Lausanne<\/em><\/p>\n<p>Weitere Informationen werden folgen<\/p>\n<p>[\/et_pb_text][\/et_pb_column][\/et_pb_row][et_pb_row column_structure=&#187;2_5,3_5&#8243; disabled_on=&#187;on|on|on&#187; _builder_version=&#187;4.16&#8243; _module_preset=&#187;default&#187; disabled=&#187;on&#187; global_colors_info=&#187;{}&#187;][et_pb_column type=&#187;2_5&#8243; _builder_version=&#187;4.16&#8243; _module_preset=&#187;default&#187; global_colors_info=&#187;{}&#187;][et_pb_image src=&#187;https:\/\/plastics4zeroemission.ch\/wp-content\/uploads\/2022\/11\/headway-F2KRf_QfCqw-unsplash_edited-small.jpg&#187; title_text=&#187;headway-F2KRf_QfCqw-unsplash_edited-small&#187; _builder_version=&#187;4.20.4&#8243; _module_preset=&#187;default&#187; global_colors_info=&#187;{}&#187;][\/et_pb_image][\/et_pb_column][et_pb_column type=&#187;3_5&#8243; _builder_version=&#187;4.16&#8243; _module_preset=&#187;default&#187; global_colors_info=&#187;{}&#187;][et_pb_text _builder_version=&#187;4.21.0&#8243; _module_preset=&#187;default&#187; global_colors_info=&#187;{}&#187;]<\/p>\n<p><strong>5. Dezember 2023<br \/><\/strong><\/p>\n<h3><strong>Funding Pitch Call 4<br \/><\/strong><\/h3>\n<p><i>Die Pitching-Session findet online statt. Der Pitch besteht aus einer 10-min\u00fctigen Pr\u00e4sentation, gefolgt von einer 10-min\u00fctigen Frage- und Antwortrunde.<\/i><\/p>\n<p>[\/et_pb_text][\/et_pb_column][\/et_pb_row][et_pb_row column_structure=&#187;2_5,3_5&#8243; disabled_on=&#187;on|on|on&#187; _builder_version=&#187;4.21.0&#8243; _module_preset=&#187;default&#187; disabled=&#187;on&#187; global_colors_info=&#187;{}&#187;][et_pb_column type=&#187;2_5&#8243; _builder_version=&#187;4.16&#8243; _module_preset=&#187;default&#187; global_colors_info=&#187;{}&#187;][et_pb_image src=&#187;https:\/\/plastics4zeroemission.ch\/wp-content\/uploads\/2023\/10\/IMG_1125-scaled.jpg&#187; title_text=&#187;IMG_1125&#8243; _builder_version=&#187;4.21.0&#8243; _module_preset=&#187;default&#187; global_colors_info=&#187;{}&#187;][\/et_pb_image][et_pb_button button_url=&#187;https:\/\/www.eventbrite.com\/e\/ib-plastics-for-zero-emission-annual-networking-conference-sika-tickets-929598563327?aff=oddtdtcreator&#187; url_new_window=&#187;on&#187; button_text=&#187;Hier anmelden&#187; button_alignment=&#187;center&#187; _builder_version=&#187;4.21.0&#8243; _module_preset=&#187;default&#187; global_colors_info=&#187;{}&#187;][\/et_pb_button][et_pb_text _builder_version=&#187;4.20.4&#8243; _module_preset=&#187;default&#187; global_colors_info=&#187;{}&#187;]<\/p>\n<p style=\"text-align: center;\">Die Teilnahme ist kostenlos.<\/p>\n<p style=\"text-align: center;\">Die Zahl der Teilnehmer ist begrenzt.<\/p>\n<p>[\/et_pb_text][\/et_pb_column][et_pb_column type=&#187;3_5&#8243; _builder_version=&#187;4.16&#8243; _module_preset=&#187;default&#187; global_colors_info=&#187;{}&#187;][et_pb_text _builder_version=&#187;4.21.0&#8243; _module_preset=&#187;default&#187; link_option_url=&#187;https:\/\/www.eventbrite.com\/e\/ib-plastics-for-zero-emission-annual-networking-conference-sika-tickets-929598563327?aff=oddtdtcreator&#187; link_option_url_new_window=&#187;on&#187; global_colors_info=&#187;{}&#187;]<\/p>\n<p><strong>3. Oktober 2024<br \/><\/strong><\/p>\n<h3><strong>J\u00e4hrliche Networking-Konferenz 2024<\/strong><\/h3>\n<p>bei <strong>Sika Technology AG<\/strong>, T\u00fcffenwies 16, 8048 Z\u00fcrich<\/p>\n<p><em><\/em><br \/>Ein Get-together, bei dem Projektteams von bereits abgeschlossenen, aber auch noch laufenden gef\u00f6rderten Projekten ihre Ergebnisse pr\u00e4sentieren und offen \u00fcber ihre Erfahrungen, Herausforderungen, Schwierigkeiten usw. sprechen.<\/p>\n<p>Die beste Zeit und der beste Ort, um die Teams zu treffen und Erfahrungen auszutauschen sowie Kontakte zu anderen Marktteilnehmern zu kn\u00fcpfen.<\/p>\n<p>Es wird Zeit zum Lernen und Zeit zum Netzwerken geben.<\/p>\n<p>[\/et_pb_text][\/et_pb_column][\/et_pb_row][\/et_pb_section]<\/p>\n","protected":false},"excerpt":{"rendered":"<p>EVENTSEVENTSDie Teilnahme ist kostenlos. Die Zahl der Teilnehmer ist begrenzt.18 UND\/ODER 19 M\u00e4rz 2025 Ideation-Workshops Call 7 (LAST Call) 18. M\u00e4rz @FHNW, Brugg\/Windisch 19. M\u00e4rz @HSLU, Horw\/Luzern &nbsp; Der Ideation Workshop f\u00fcr den 7. Aufruf wird an zwei verschiedenen Orten stattfinden. Interessierte Parteien\/Teams m\u00fcssen nur an einem der beiden Workshops teilnehmen. Nat\u00fcrlich sind Sie herzlich [&hellip;]<\/p>\n","protected":false},"author":3,"featured_media":0,"parent":0,"menu_order":0,"comment_status":"closed","ping_status":"closed","template":"","meta":{"_et_pb_use_builder":"on","_et_pb_old_content":"","_et_gb_content_width":"","footnotes":""},"class_list":["post-30477","page","type-page","status-publish","hentry"],"yoast_head":"<!-- This site is optimized with the Yoast SEO plugin v22.0 - https:\/\/yoast.com\/wordpress\/plugins\/seo\/ -->\n<title>EVENTS - Plastics for Zero Emission<\/title>\n<meta name=\"robots\" content=\"index, follow, max-snippet:-1, max-image-preview:large, max-video-preview:-1\" \/>\n<link rel=\"canonical\" href=\"https:\/\/plastics4zeroemission.ch\/de\/veranstaltungen\/\" \/>\n<meta property=\"og:locale\" content=\"de_DE\" \/>\n<meta property=\"og:type\" content=\"article\" \/>\n<meta property=\"og:title\" content=\"EVENTS - Plastics for Zero Emission\" \/>\n<meta property=\"og:description\" content=\"EVENTSEVENTSDie Teilnahme ist kostenlos. Die Zahl der Teilnehmer ist begrenzt.18 UND\/ODER 19 M\u00e4rz 2025 Ideation-Workshops Call 7 (LAST Call) 18. M\u00e4rz @FHNW, Brugg\/Windisch 19. M\u00e4rz @HSLU, Horw\/Luzern &nbsp; Der Ideation Workshop f\u00fcr den 7. Aufruf wird an zwei verschiedenen Orten stattfinden. Interessierte Parteien\/Teams m\u00fcssen nur an einem der beiden Workshops teilnehmen. Nat\u00fcrlich sind Sie herzlich [&hellip;]\" \/>\n<meta property=\"og:url\" content=\"https:\/\/plastics4zeroemission.ch\/de\/veranstaltungen\/\" \/>\n<meta property=\"og:site_name\" content=\"Plastics for Zero Emission\" \/>\n<meta property=\"article:modified_time\" content=\"2025-02-20T10:11:23+00:00\" \/>\n<meta name=\"twitter:card\" content=\"summary_large_image\" \/>\n<meta name=\"twitter:label1\" content=\"Gesch\u00e4tzte Lesezeit\" \/>\n\t<meta name=\"twitter:data1\" content=\"9\u00a0Minuten\" \/>\n<script type=\"application\/ld+json\" class=\"yoast-schema-graph\">{\"@context\":\"https:\/\/schema.org\",\"@graph\":[{\"@type\":\"WebPage\",\"@id\":\"https:\/\/plastics4zeroemission.ch\/de\/veranstaltungen\/\",\"url\":\"https:\/\/plastics4zeroemission.ch\/de\/veranstaltungen\/\",\"name\":\"EVENTS - Plastics for Zero Emission\",\"isPartOf\":{\"@id\":\"https:\/\/plastics4zeroemission.ch\/de\/#website\"},\"datePublished\":\"2023-02-08T11:07:59+00:00\",\"dateModified\":\"2025-02-20T10:11:23+00:00\",\"breadcrumb\":{\"@id\":\"https:\/\/plastics4zeroemission.ch\/de\/veranstaltungen\/#breadcrumb\"},\"inLanguage\":\"de-CH\",\"potentialAction\":[{\"@type\":\"ReadAction\",\"target\":[\"https:\/\/plastics4zeroemission.ch\/de\/veranstaltungen\/\"]}]},{\"@type\":\"BreadcrumbList\",\"@id\":\"https:\/\/plastics4zeroemission.ch\/de\/veranstaltungen\/#breadcrumb\",\"itemListElement\":[{\"@type\":\"ListItem\",\"position\":1,\"name\":\"Home\",\"item\":\"https:\/\/plastics4zeroemission.ch\/de\/\"},{\"@type\":\"ListItem\",\"position\":2,\"name\":\"EVENTS\"}]},{\"@type\":\"WebSite\",\"@id\":\"https:\/\/plastics4zeroemission.ch\/de\/#website\",\"url\":\"https:\/\/plastics4zeroemission.ch\/de\/\",\"name\":\"Plastics for Zero Emission\",\"description\":\"\",\"publisher\":{\"@id\":\"https:\/\/plastics4zeroemission.ch\/de\/#organization\"},\"potentialAction\":[{\"@type\":\"SearchAction\",\"target\":{\"@type\":\"EntryPoint\",\"urlTemplate\":\"https:\/\/plastics4zeroemission.ch\/de\/?s={search_term_string}\"},\"query-input\":\"required name=search_term_string\"}],\"inLanguage\":\"de-CH\"},{\"@type\":\"Organization\",\"@id\":\"https:\/\/plastics4zeroemission.ch\/de\/#organization\",\"name\":\"Composites United Switzerland\",\"url\":\"https:\/\/plastics4zeroemission.ch\/de\/\",\"logo\":{\"@type\":\"ImageObject\",\"inLanguage\":\"de-CH\",\"@id\":\"https:\/\/plastics4zeroemission.ch\/de\/#\/schema\/logo\/image\/\",\"url\":\"https:\/\/plastics4zeroemission.ch\/wp-content\/uploads\/2021\/12\/LOGO_FOOTER.png\",\"contentUrl\":\"https:\/\/plastics4zeroemission.ch\/wp-content\/uploads\/2021\/12\/LOGO_FOOTER.png\",\"width\":83,\"height\":49,\"caption\":\"Composites United Switzerland\"},\"image\":{\"@id\":\"https:\/\/plastics4zeroemission.ch\/de\/#\/schema\/logo\/image\/\"}}]}<\/script>\n<!-- \/ Yoast SEO plugin. -->","yoast_head_json":{"title":"EVENTS - Plastics for Zero Emission","robots":{"index":"index","follow":"follow","max-snippet":"max-snippet:-1","max-image-preview":"max-image-preview:large","max-video-preview":"max-video-preview:-1"},"canonical":"https:\/\/plastics4zeroemission.ch\/de\/veranstaltungen\/","og_locale":"de_DE","og_type":"article","og_title":"EVENTS - Plastics for Zero Emission","og_description":"EVENTSEVENTSDie Teilnahme ist kostenlos. Die Zahl der Teilnehmer ist begrenzt.18 UND\/ODER 19 M\u00e4rz 2025 Ideation-Workshops Call 7 (LAST Call) 18. M\u00e4rz @FHNW, Brugg\/Windisch 19. M\u00e4rz @HSLU, Horw\/Luzern &nbsp; Der Ideation Workshop f\u00fcr den 7. Aufruf wird an zwei verschiedenen Orten stattfinden. Interessierte Parteien\/Teams m\u00fcssen nur an einem der beiden Workshops teilnehmen. Nat\u00fcrlich sind Sie herzlich [&hellip;]","og_url":"https:\/\/plastics4zeroemission.ch\/de\/veranstaltungen\/","og_site_name":"Plastics for Zero Emission","article_modified_time":"2025-02-20T10:11:23+00:00","twitter_card":"summary_large_image","twitter_misc":{"Gesch\u00e4tzte Lesezeit":"9\u00a0Minuten"},"schema":{"@context":"https:\/\/schema.org","@graph":[{"@type":"WebPage","@id":"https:\/\/plastics4zeroemission.ch\/de\/veranstaltungen\/","url":"https:\/\/plastics4zeroemission.ch\/de\/veranstaltungen\/","name":"EVENTS - Plastics for Zero Emission","isPartOf":{"@id":"https:\/\/plastics4zeroemission.ch\/de\/#website"},"datePublished":"2023-02-08T11:07:59+00:00","dateModified":"2025-02-20T10:11:23+00:00","breadcrumb":{"@id":"https:\/\/plastics4zeroemission.ch\/de\/veranstaltungen\/#breadcrumb"},"inLanguage":"de-CH","potentialAction":[{"@type":"ReadAction","target":["https:\/\/plastics4zeroemission.ch\/de\/veranstaltungen\/"]}]},{"@type":"BreadcrumbList","@id":"https:\/\/plastics4zeroemission.ch\/de\/veranstaltungen\/#breadcrumb","itemListElement":[{"@type":"ListItem","position":1,"name":"Home","item":"https:\/\/plastics4zeroemission.ch\/de\/"},{"@type":"ListItem","position":2,"name":"EVENTS"}]},{"@type":"WebSite","@id":"https:\/\/plastics4zeroemission.ch\/de\/#website","url":"https:\/\/plastics4zeroemission.ch\/de\/","name":"Plastics for Zero Emission","description":"","publisher":{"@id":"https:\/\/plastics4zeroemission.ch\/de\/#organization"},"potentialAction":[{"@type":"SearchAction","target":{"@type":"EntryPoint","urlTemplate":"https:\/\/plastics4zeroemission.ch\/de\/?s={search_term_string}"},"query-input":"required name=search_term_string"}],"inLanguage":"de-CH"},{"@type":"Organization","@id":"https:\/\/plastics4zeroemission.ch\/de\/#organization","name":"Composites United Switzerland","url":"https:\/\/plastics4zeroemission.ch\/de\/","logo":{"@type":"ImageObject","inLanguage":"de-CH","@id":"https:\/\/plastics4zeroemission.ch\/de\/#\/schema\/logo\/image\/","url":"https:\/\/plastics4zeroemission.ch\/wp-content\/uploads\/2021\/12\/LOGO_FOOTER.png","contentUrl":"https:\/\/plastics4zeroemission.ch\/wp-content\/uploads\/2021\/12\/LOGO_FOOTER.png","width":83,"height":49,"caption":"Composites United Switzerland"},"image":{"@id":"https:\/\/plastics4zeroemission.ch\/de\/#\/schema\/logo\/image\/"}}]}},"_links":{"self":[{"href":"https:\/\/plastics4zeroemission.ch\/de\/wp-json\/wp\/v2\/pages\/30477","targetHints":{"allow":["GET"]}}],"collection":[{"href":"https:\/\/plastics4zeroemission.ch\/de\/wp-json\/wp\/v2\/pages"}],"about":[{"href":"https:\/\/plastics4zeroemission.ch\/de\/wp-json\/wp\/v2\/types\/page"}],"author":[{"embeddable":true,"href":"https:\/\/plastics4zeroemission.ch\/de\/wp-json\/wp\/v2\/users\/3"}],"replies":[{"embeddable":true,"href":"https:\/\/plastics4zeroemission.ch\/de\/wp-json\/wp\/v2\/comments?post=30477"}],"version-history":[{"count":94,"href":"https:\/\/plastics4zeroemission.ch\/de\/wp-json\/wp\/v2\/pages\/30477\/revisions"}],"predecessor-version":[{"id":31600,"href":"https:\/\/plastics4zeroemission.ch\/de\/wp-json\/wp\/v2\/pages\/30477\/revisions\/31600"}],"wp:attachment":[{"href":"https:\/\/plastics4zeroemission.ch\/de\/wp-json\/wp\/v2\/media?parent=30477"}],"curies":[{"name":"wp","href":"https:\/\/api.w.org\/{rel}","templated":true}]}}