{"id":29159,"date":"2021-12-09T15:09:21","date_gmt":"2021-12-09T14:09:21","guid":{"rendered":"https:\/\/plastics4zeroemission.ch\/?page_id=29159"},"modified":"2023-10-02T14:47:02","modified_gmt":"2023-10-02T12:47:02","slug":"imprint","status":"publish","type":"page","link":"https:\/\/plastics4zeroemission.ch\/de\/imprint\/","title":{"rendered":"IMPRESSUM"},"content":{"rendered":"<p>[et_pb_section fb_built=&#187;1&#8243; _builder_version=&#187;4.16&#8243; _module_preset=&#187;default&#187; background_image=&#187;https:\/\/plastics4zeroemission.ch\/wp-content\/uploads\/2021\/12\/HEADER_IMPRINT.jpg&#187; height=&#187;365px&#187; global_colors_info=&#187;{}&#187;][et_pb_row _builder_version=&#187;4.16&#8243; _module_preset=&#187;default&#187; custom_margin=&#187;80px||||false|false&#187; global_colors_info=&#187;{}&#187;][et_pb_column type=&#187;4_4&#8243; _builder_version=&#187;4.16&#8243; _module_preset=&#187;default&#187; global_colors_info=&#187;{}&#187;][et_pb_text _builder_version=&#187;4.16&#8243; _module_preset=&#187;default&#187; text_text_color=&#187;#FFFFFF&#187; header_text_color=&#187;#FFFFFF&#187; header_font_size=&#187;50px&#187; global_colors_info=&#187;{}&#187;]<\/p>\n<h1 style=\"text-align: center;\">IMPRESSUM<\/h1>\n<p>[\/et_pb_text][\/et_pb_column][\/et_pb_row][\/et_pb_section][et_pb_section fb_built=&#187;1&#8243; _builder_version=&#187;4.16&#8243; _module_preset=&#187;default&#187; global_colors_info=&#187;{}&#187;][et_pb_row _builder_version=&#187;4.16&#8243; _module_preset=&#187;default&#187; width=&#187;40%&#187; width_tablet=&#187;80%&#187; width_phone=&#187;80%&#187; width_last_edited=&#187;on|tablet&#187; module_alignment=&#187;center&#187; global_colors_info=&#187;{}&#187;][et_pb_column type=&#187;4_4&#8243; _builder_version=&#187;4.16&#8243; _module_preset=&#187;default&#187; global_colors_info=&#187;{}&#187;][et_pb_text _builder_version=&#187;4.20.4&#8243; _module_preset=&#187;default&#187; header_3_text_color=&#187;#dddb9b&#187; hover_enabled=&#187;0&#8243; global_colors_info=&#187;{}&#187; sticky_enabled=&#187;0&#8243;]<\/p>\n<h1>IMPRESSUM<\/h1>\n<p>Die Website www.plastics4zeroemission.ch wird betrieben von:<\/p>\n<h3>KONTAKTINFORMATIONEN<\/h3>\n<p>Composites United Switzerland<br \/>Andelfingerstra\u00dfe 45<br \/>8452 Adlikon b. Andelfingen<br \/>Schweiz<\/p>\n<p>Telefon: +41 52 520 74 00<br \/>E-Mail: info@plastics4zeroemission.ch<\/p>\n<h3>MANAGEMENT<\/h3>\n<p>Theo Sandu, Gesch\u00e4ftsf\u00fchrer Composites United Switzerland<\/p>\n<h3>FOTOGRAFIE<\/h3>\n<p>www.iStockphoto.com \/\/ Startseite: \u00a9Michal Stipek \/ #1214123893\/\/<br \/>\u00a9artisteer \/ #687520386 \/\/ Impressum: \u00a9Marcus Millo \/ # 1084778586 \/\/<br \/>Datenschutzbestimmungen: \u00a9red_moon_rise \/ # 96309378 \/\/<br \/>Kontakt: \u00a9anusorn nakdee \/# 924641300<\/p>\n<h3>HAFTUNGSAUSSCHLUSS<\/h3>\n<p>Der Autor \u00fcbernimmt keinerlei Gew\u00e4hr f\u00fcr die Richtigkeit, Genauigkeit, Aktualit\u00e4t, Zuverl\u00e4ssigkeit und Vollst\u00e4ndigkeit der bereitgestellten Informationen.<br \/>Haftungsanspr\u00fcche gegen den Autor wegen Sch\u00e4den materieller oder immaterieller Art, welche aus dem Zugriff oder der Nutzung bzw. Nichtnutzung der ver\u00f6ffentlichten Informationen, durch Missbrauch der Verbindung oder durch technische St\u00f6rungen entstanden sind, werden ausgeschlossen.<br \/>Der Autor beh\u00e4lt es sich ausdr\u00fccklich vor, Teile der Seiten oder das gesamte Angebot ohne gesonderte Ank\u00fcndigung zu ver\u00e4ndern, zu erg\u00e4nzen, zu l\u00f6schen oder die Ver\u00f6ffentlichung zeitweise oder endg\u00fcltig einzustellen.<\/p>\n<h3>HAFTUNG F\u00dcR LINKS<\/h3>\n<p>Verweise und Links auf Webseiten Dritter liegen ausserhalb unseres Verantwortungsbereiches. Jegliche Verantwortung f\u00fcr solche Websites wird abgelehnt. Der Zugang zu und die Nutzung von solchen Websites erfolgt auf eigenes Risiko des Nutzers.<\/p>\n<h3>COPYRIGHTS<\/h3>\n<p>Das Copyright und alle anderen Rechte an den Inhalten, Bildern, Fotos oder anderen Dateien auf der Website geh\u00f6ren ausschliesslich Composites United Switzerland oder den speziell genannten Rechteinhabern. F\u00fcr die Vervielf\u00e4ltigung jeglicher Elemente ist die schriftliche Zustimmung der Inhaber der Urheberrechte im Voraus einzuholen.<\/p>\n<p>[\/et_pb_text][\/et_pb_column][\/et_pb_row][\/et_pb_section]<\/p>\n","protected":false},"excerpt":{"rendered":"<p>IMPRESSUMIMPRESSUM Die Website www.plastics4zeroemission.ch wird betrieben von: KONTAKTINFORMATIONEN Composites United SwitzerlandAndelfingerstra\u00dfe 458452 Adlikon b. AndelfingenSchweiz Telefon: +41 52 520 74 00E-Mail: info@plastics4zeroemission.ch MANAGEMENT Theo Sandu, Gesch\u00e4ftsf\u00fchrer Composites United Switzerland FOTOGRAFIE www.iStockphoto.com \/\/ Startseite: \u00a9Michal Stipek \/ #1214123893\/\/\u00a9artisteer \/ #687520386 \/\/ Impressum: \u00a9Marcus Millo \/ # 1084778586 \/\/Datenschutzbestimmungen: \u00a9red_moon_rise \/ # 96309378 \/\/Kontakt: \u00a9anusorn nakdee \/# [&hellip;]<\/p>\n","protected":false},"author":2,"featured_media":0,"parent":0,"menu_order":0,"comment_status":"closed","ping_status":"closed","template":"","meta":{"_et_pb_use_builder":"on","_et_pb_old_content":"","_et_gb_content_width":"","footnotes":""},"class_list":["post-29159","page","type-page","status-publish","hentry"],"yoast_head":"<!-- This site is optimized with the Yoast SEO plugin v22.0 - https:\/\/yoast.com\/wordpress\/plugins\/seo\/ -->\n<title>IMPRESSUM - Plastics for Zero Emission<\/title>\n<meta name=\"robots\" content=\"index, follow, max-snippet:-1, max-image-preview:large, max-video-preview:-1\" \/>\n<link rel=\"canonical\" href=\"https:\/\/plastics4zeroemission.ch\/de\/imprint\/\" \/>\n<meta property=\"og:locale\" content=\"de_DE\" \/>\n<meta property=\"og:type\" content=\"article\" \/>\n<meta property=\"og:title\" content=\"IMPRESSUM - Plastics for Zero Emission\" \/>\n<meta property=\"og:description\" content=\"IMPRESSUMIMPRESSUM Die Website www.plastics4zeroemission.ch wird betrieben von: KONTAKTINFORMATIONEN Composites United SwitzerlandAndelfingerstra\u00dfe 458452 Adlikon b. AndelfingenSchweiz Telefon: +41 52 520 74 00E-Mail: info@plastics4zeroemission.ch MANAGEMENT Theo Sandu, Gesch\u00e4ftsf\u00fchrer Composites United Switzerland FOTOGRAFIE www.iStockphoto.com \/\/ Startseite: \u00a9Michal Stipek \/ #1214123893\/\/\u00a9artisteer \/ #687520386 \/\/ Impressum: \u00a9Marcus Millo \/ # 1084778586 \/\/Datenschutzbestimmungen: \u00a9red_moon_rise \/ # 96309378 \/\/Kontakt: \u00a9anusorn nakdee \/# [&hellip;]\" \/>\n<meta property=\"og:url\" content=\"https:\/\/plastics4zeroemission.ch\/de\/imprint\/\" \/>\n<meta property=\"og:site_name\" content=\"Plastics for Zero Emission\" \/>\n<meta property=\"article:modified_time\" content=\"2023-10-02T12:47:02+00:00\" \/>\n<meta name=\"twitter:card\" content=\"summary_large_image\" \/>\n<meta name=\"twitter:label1\" content=\"Gesch\u00e4tzte Lesezeit\" \/>\n\t<meta name=\"twitter:data1\" content=\"2\u00a0Minuten\" \/>\n<script type=\"application\/ld+json\" class=\"yoast-schema-graph\">{\"@context\":\"https:\/\/schema.org\",\"@graph\":[{\"@type\":\"WebPage\",\"@id\":\"https:\/\/plastics4zeroemission.ch\/de\/imprint\/\",\"url\":\"https:\/\/plastics4zeroemission.ch\/de\/imprint\/\",\"name\":\"IMPRESSUM - Plastics for Zero Emission\",\"isPartOf\":{\"@id\":\"https:\/\/plastics4zeroemission.ch\/de\/#website\"},\"datePublished\":\"2021-12-09T14:09:21+00:00\",\"dateModified\":\"2023-10-02T12:47:02+00:00\",\"breadcrumb\":{\"@id\":\"https:\/\/plastics4zeroemission.ch\/de\/imprint\/#breadcrumb\"},\"inLanguage\":\"de-CH\",\"potentialAction\":[{\"@type\":\"ReadAction\",\"target\":[\"https:\/\/plastics4zeroemission.ch\/de\/imprint\/\"]}]},{\"@type\":\"BreadcrumbList\",\"@id\":\"https:\/\/plastics4zeroemission.ch\/de\/imprint\/#breadcrumb\",\"itemListElement\":[{\"@type\":\"ListItem\",\"position\":1,\"name\":\"Home\",\"item\":\"https:\/\/plastics4zeroemission.ch\/de\/\"},{\"@type\":\"ListItem\",\"position\":2,\"name\":\"IMPRESSUM\"}]},{\"@type\":\"WebSite\",\"@id\":\"https:\/\/plastics4zeroemission.ch\/de\/#website\",\"url\":\"https:\/\/plastics4zeroemission.ch\/de\/\",\"name\":\"Plastics for Zero Emission\",\"description\":\"\",\"publisher\":{\"@id\":\"https:\/\/plastics4zeroemission.ch\/de\/#organization\"},\"potentialAction\":[{\"@type\":\"SearchAction\",\"target\":{\"@type\":\"EntryPoint\",\"urlTemplate\":\"https:\/\/plastics4zeroemission.ch\/de\/?s={search_term_string}\"},\"query-input\":\"required name=search_term_string\"}],\"inLanguage\":\"de-CH\"},{\"@type\":\"Organization\",\"@id\":\"https:\/\/plastics4zeroemission.ch\/de\/#organization\",\"name\":\"Composites United Switzerland\",\"url\":\"https:\/\/plastics4zeroemission.ch\/de\/\",\"logo\":{\"@type\":\"ImageObject\",\"inLanguage\":\"de-CH\",\"@id\":\"https:\/\/plastics4zeroemission.ch\/de\/#\/schema\/logo\/image\/\",\"url\":\"https:\/\/plastics4zeroemission.ch\/wp-content\/uploads\/2021\/12\/LOGO_FOOTER.png\",\"contentUrl\":\"https:\/\/plastics4zeroemission.ch\/wp-content\/uploads\/2021\/12\/LOGO_FOOTER.png\",\"width\":83,\"height\":49,\"caption\":\"Composites United Switzerland\"},\"image\":{\"@id\":\"https:\/\/plastics4zeroemission.ch\/de\/#\/schema\/logo\/image\/\"}}]}<\/script>\n<!-- \/ Yoast SEO plugin. -->","yoast_head_json":{"title":"IMPRESSUM - Plastics for Zero Emission","robots":{"index":"index","follow":"follow","max-snippet":"max-snippet:-1","max-image-preview":"max-image-preview:large","max-video-preview":"max-video-preview:-1"},"canonical":"https:\/\/plastics4zeroemission.ch\/de\/imprint\/","og_locale":"de_DE","og_type":"article","og_title":"IMPRESSUM - Plastics for Zero Emission","og_description":"IMPRESSUMIMPRESSUM Die Website www.plastics4zeroemission.ch wird betrieben von: KONTAKTINFORMATIONEN Composites United SwitzerlandAndelfingerstra\u00dfe 458452 Adlikon b. AndelfingenSchweiz Telefon: +41 52 520 74 00E-Mail: info@plastics4zeroemission.ch MANAGEMENT Theo Sandu, Gesch\u00e4ftsf\u00fchrer Composites United Switzerland FOTOGRAFIE www.iStockphoto.com \/\/ Startseite: \u00a9Michal Stipek \/ #1214123893\/\/\u00a9artisteer \/ #687520386 \/\/ Impressum: \u00a9Marcus Millo \/ # 1084778586 \/\/Datenschutzbestimmungen: \u00a9red_moon_rise \/ # 96309378 \/\/Kontakt: \u00a9anusorn nakdee \/# [&hellip;]","og_url":"https:\/\/plastics4zeroemission.ch\/de\/imprint\/","og_site_name":"Plastics for Zero Emission","article_modified_time":"2023-10-02T12:47:02+00:00","twitter_card":"summary_large_image","twitter_misc":{"Gesch\u00e4tzte Lesezeit":"2\u00a0Minuten"},"schema":{"@context":"https:\/\/schema.org","@graph":[{"@type":"WebPage","@id":"https:\/\/plastics4zeroemission.ch\/de\/imprint\/","url":"https:\/\/plastics4zeroemission.ch\/de\/imprint\/","name":"IMPRESSUM - Plastics for Zero Emission","isPartOf":{"@id":"https:\/\/plastics4zeroemission.ch\/de\/#website"},"datePublished":"2021-12-09T14:09:21+00:00","dateModified":"2023-10-02T12:47:02+00:00","breadcrumb":{"@id":"https:\/\/plastics4zeroemission.ch\/de\/imprint\/#breadcrumb"},"inLanguage":"de-CH","potentialAction":[{"@type":"ReadAction","target":["https:\/\/plastics4zeroemission.ch\/de\/imprint\/"]}]},{"@type":"BreadcrumbList","@id":"https:\/\/plastics4zeroemission.ch\/de\/imprint\/#breadcrumb","itemListElement":[{"@type":"ListItem","position":1,"name":"Home","item":"https:\/\/plastics4zeroemission.ch\/de\/"},{"@type":"ListItem","position":2,"name":"IMPRESSUM"}]},{"@type":"WebSite","@id":"https:\/\/plastics4zeroemission.ch\/de\/#website","url":"https:\/\/plastics4zeroemission.ch\/de\/","name":"Plastics for Zero Emission","description":"","publisher":{"@id":"https:\/\/plastics4zeroemission.ch\/de\/#organization"},"potentialAction":[{"@type":"SearchAction","target":{"@type":"EntryPoint","urlTemplate":"https:\/\/plastics4zeroemission.ch\/de\/?s={search_term_string}"},"query-input":"required name=search_term_string"}],"inLanguage":"de-CH"},{"@type":"Organization","@id":"https:\/\/plastics4zeroemission.ch\/de\/#organization","name":"Composites United Switzerland","url":"https:\/\/plastics4zeroemission.ch\/de\/","logo":{"@type":"ImageObject","inLanguage":"de-CH","@id":"https:\/\/plastics4zeroemission.ch\/de\/#\/schema\/logo\/image\/","url":"https:\/\/plastics4zeroemission.ch\/wp-content\/uploads\/2021\/12\/LOGO_FOOTER.png","contentUrl":"https:\/\/plastics4zeroemission.ch\/wp-content\/uploads\/2021\/12\/LOGO_FOOTER.png","width":83,"height":49,"caption":"Composites United Switzerland"},"image":{"@id":"https:\/\/plastics4zeroemission.ch\/de\/#\/schema\/logo\/image\/"}}]}},"_links":{"self":[{"href":"https:\/\/plastics4zeroemission.ch\/de\/wp-json\/wp\/v2\/pages\/29159","targetHints":{"allow":["GET"]}}],"collection":[{"href":"https:\/\/plastics4zeroemission.ch\/de\/wp-json\/wp\/v2\/pages"}],"about":[{"href":"https:\/\/plastics4zeroemission.ch\/de\/wp-json\/wp\/v2\/types\/page"}],"author":[{"embeddable":true,"href":"https:\/\/plastics4zeroemission.ch\/de\/wp-json\/wp\/v2\/users\/2"}],"replies":[{"embeddable":true,"href":"https:\/\/plastics4zeroemission.ch\/de\/wp-json\/wp\/v2\/comments?post=29159"}],"version-history":[{"count":15,"href":"https:\/\/plastics4zeroemission.ch\/de\/wp-json\/wp\/v2\/pages\/29159\/revisions"}],"predecessor-version":[{"id":31089,"href":"https:\/\/plastics4zeroemission.ch\/de\/wp-json\/wp\/v2\/pages\/29159\/revisions\/31089"}],"wp:attachment":[{"href":"https:\/\/plastics4zeroemission.ch\/de\/wp-json\/wp\/v2\/media?parent=29159"}],"curies":[{"name":"wp","href":"https:\/\/api.w.org\/{rel}","templated":true}]}}